{"id":89,"date":"2019-03-23T11:41:53","date_gmt":"2019-03-23T11:41:53","guid":{"rendered":"http:\/\/test.doblinger.cloud\/?page_id=89"},"modified":"2019-07-03T09:19:04","modified_gmt":"2019-07-03T08:19:04","slug":"merchandise","status":"publish","type":"page","link":"https:\/\/www.seglergemeinschaft.at\/?page_id=89","title":{"rendered":"Merchandise"},"content":{"rendered":"\n<p> <strong>Zur Eintrittgrundausstattung geh\u00f6ren Autoaufkleber, ein Schl\u00fcsselband und ein Wimpel.  <\/strong><\/p>\n\n\n\n<p><\/p>\n\n\n\n<table class=\"wp-block-table aligncenter has-fixed-layout is-style-stripes\"><tbody><tr><td><br>Wimpel<br><br><\/td><td><\/td><td><br>EUR 10,00<br><br><\/td><\/tr><tr><td><br>Schl\u00fcsselband<br><br><\/td><td><font color=\"white\">This is some text<\/font><br><\/td><td><br>EUR  3,00<br><br><\/td><\/tr><tr><td><br>Aufkleber<br><br><\/td><td><\/td><td><br>ein L\u00e4cheln<br><br><\/td><\/tr><tr><td><br>Kapperl<br><br><\/td><td><\/td><td><br>EUR 10,00<br><br><\/td><\/tr><tr><td><br>Damenbluse<br><br><\/td><td><\/td><td><br>EUR 33,00<br><br><\/td><\/tr><tr><td><br>Herrenhemd<br><br><\/td><td><\/td><td><br>EUR 33,00<br><br><\/td><\/tr><tr><td><br>Softshell Gilet \u2013 Damen<br>     <\/td><td><\/td><td><br>EUR 40,00<br><br><\/td><\/tr><tr><td><br>Softshell Gilet \u2013 Herren<br>      <\/td><td><\/td><td><br>EUR 40,00<br><br><\/td><\/tr><tr><td><br>Softshell Jacke \u2013 Damen<br>     <\/td><td><\/td><td><br>EUR 50,00<br><br><\/td><\/tr><tr><td><br>Softshell Jacke \u2013 Herren<br> <\/td><td><\/td><td><br>EUR 50,00<br><br><\/td><\/tr><\/tbody><\/table>\n\n\n\n<p>Das Seglerhandbuch ist leider bereits AUSVERKAUFT\u00a0\u00a0 <\/p>\n\n\n\n<div class=\"wp-block-file\"><a href=\"https:\/\/www.seglergemeinschaft.at\/wp-content\/uploads\/2019\/04\/Produktblatt_A5_ohne-Preise_SBb.pdf\">SBb Hafenhandbuch Produktdatenblatt<\/a><a href=\"https:\/\/www.seglergemeinschaft.at\/wp-content\/uploads\/2019\/04\/Produktblatt_A5_ohne-Preise_SBb.pdf\" class=\"wp-block-file__button\" download>Herunterladen<\/a><\/div>\n\n\n\n<p><\/p>\n\n\n\n<p><\/p>\n\n\n\n<div class=\"wp-block-image\"><figure class=\"aligncenter is-resized\"><img loading=\"lazy\" decoding=\"async\" src=\"http:\/\/test.doblinger.cloud\/wp-content\/uploads\/2019\/03\/image.png\" alt=\"\" class=\"wp-image-264\" width=\"354\" height=\"239\" srcset=\"https:\/\/www.seglergemeinschaft.at\/wp-content\/uploads\/2019\/03\/image.png 327w, https:\/\/www.seglergemeinschaft.at\/wp-content\/uploads\/2019\/03\/image-300x204.png 300w\" sizes=\"auto, (max-width: 354px) 100vw, 354px\" \/><\/figure><\/div>\n","protected":false},"excerpt":{"rendered":"<p>Zur Eintrittgrundausstattung geh\u00f6ren Autoaufkleber, ein Schl\u00fcsselband und ein Wimpel. Wimpel EUR 10,00 Schl\u00fcsselband This is some text EUR 3,00 Aufkleber ein L\u00e4cheln Kapperl EUR 10,00 Damenbluse EUR 33,00 Herrenhemd EUR 33,00 Softshell Gilet \u2013 Damen EUR 40,00 Softshell Gilet \u2013 Herren EUR 40,00 Softshell Jacke \u2013 Damen EUR 50,00 Softshell Jacke \u2013 Herren EUR 50,00&hellip; <br \/> <a class=\"button small blue\" href=\"https:\/\/www.seglergemeinschaft.at\/?page_id=89\">Weiterlesen<\/a><\/p>\n","protected":false},"author":4,"featured_media":0,"parent":0,"menu_order":0,"comment_status":"closed","ping_status":"closed","template":"","meta":{"footnotes":""},"class_list":["post-89","page","type-page","status-publish","hentry"],"_links":{"self":[{"href":"https:\/\/www.seglergemeinschaft.at\/index.php?rest_route=\/wp\/v2\/pages\/89","targetHints":{"allow":["GET"]}}],"collection":[{"href":"https:\/\/www.seglergemeinschaft.at\/index.php?rest_route=\/wp\/v2\/pages"}],"about":[{"href":"https:\/\/www.seglergemeinschaft.at\/index.php?rest_route=\/wp\/v2\/types\/page"}],"author":[{"embeddable":true,"href":"https:\/\/www.seglergemeinschaft.at\/index.php?rest_route=\/wp\/v2\/users\/4"}],"replies":[{"embeddable":true,"href":"https:\/\/www.seglergemeinschaft.at\/index.php?rest_route=%2Fwp%2Fv2%2Fcomments&post=89"}],"version-history":[{"count":1,"href":"https:\/\/www.seglergemeinschaft.at\/index.php?rest_route=\/wp\/v2\/pages\/89\/revisions"}],"predecessor-version":[{"id":1500,"href":"https:\/\/www.seglergemeinschaft.at\/index.php?rest_route=\/wp\/v2\/pages\/89\/revisions\/1500"}],"wp:attachment":[{"href":"https:\/\/www.seglergemeinschaft.at\/index.php?rest_route=%2Fwp%2Fv2%2Fmedia&parent=89"}],"curies":[{"name":"wp","href":"https:\/\/api.w.org\/{rel}","templated":true}]}}