{"id":32,"date":"2019-03-23T10:52:23","date_gmt":"2019-03-23T10:52:23","guid":{"rendered":"http:\/\/test.doblinger.cloud\/?page_id=32"},"modified":"2024-02-27T20:40:46","modified_gmt":"2024-02-27T19:40:46","slug":"aktuelles","status":"publish","type":"page","link":"https:\/\/www.seglergemeinschaft.at\/?page_id=32","title":{"rendered":"Aktuelles"},"content":{"rendered":"\n<h2 class=\"wp-block-heading\">Mitgliederliste<\/h2>\n\n\n\n<p>Wir m\u00f6chten gerne die Mitgliederliste immer am aktuellen Stand haben. Hat sich Ihre Adresse, Telefonnummer oder mail Adresse ge\u00e4ndert? Oder haben Sie einen neuen Liegeplatz? Oder vielleicht ein anderes Boot? Wenn ja, bitte um eine kurze Benachrichtigung an&nbsp;<a href=\"mailto:sbb@seglergemeinschaft.at\">sbb@seglergemeinschaft.at<\/a>.<\/p>\n\n\n\n<p>Danke<\/p>\n\n\n\n<p><\/p>\n\n\n\n<h2 class=\"wp-block-heading\">Seglerstammtisch<\/h2>\n\n\n\n<p>Liebe Mitglieder!<\/p>\n\n\n\n<p>Eine gem\u00fctliche Runde mit hoffentlich vielen Erz\u00e4hlungen und Erfahrung rund ums k\u00fchle Nass, die anfallenden Winde und Techniken.<\/p>\n\n\n\n<p>Termine: ab Mai jedes 1. Wochenende im Monat <\/p>\n\n\n\n<p>N\u00e4heres dazu findet ihr bei den Veranstaltungen. <\/p>\n\n\n\n<p><\/p>\n\n\n\n<h2 class=\"wp-block-heading\">Projekt: Neuer Strand <\/h2>\n\n\n\n<p>Alle Einzelheiten des Neugestaltungsprojektes finden Sie hier:<\/p>\n\n\n\n<p><a href=\"https:\/\/destilat.at\/projekt\/neuer-strand-neusiedlersee\/\" target=\"_blank\" rel=\"noreferrer noopener\">Projekt-Vorstellung<\/a><\/p>\n\n\n\n<h2 class=\"wp-block-heading\"> <br>Seglerhaftpflichtversicherung <\/h2>\n\n\n\n<p>Liebe Mitglieder der Seglergemeinschaft,<br>Wir als Seglergemeinschaft haben einen Kontakt zur Uniqua Versicherung hergestellt (auch andere Versicherungen stehen im Portfolio).<\/p>\n\n\n\n<p>Ansprechperson:<\/p>\n\n\n\n<p>Andreas RICHTER<\/p>\n\n\n\n<p>andreas.richter@uniqua.at   \/   Tel.: +43 699 140 23643<\/p>\n\n\n\n<p>Nachdem die Wellen neue Saison ans Ufer rollen, vielleicht ein Denkansto\u00df.<br>Bei Neuabschl\u00fcssen bitte \u201eSeglergemeinschaft Breitenbrunn\u201c anf\u00fchren.<\/p>\n\n\n\n<p><\/p>\n\n\n\n<h1 class=\"wp-block-heading\">Nachtsegeln<\/h1>\n\n\n\n<p>Liebe Seglergemeinde!<\/p>\n\n\n\n<p>Anbei die Stellungnahme der Burgenl\u00e4ndischen&nbsp;Landesregierung zum Thema Nachtsegeln am Neusiedlersee.<\/p>\n\n\n\n<div class=\"wp-block-file\"><a id=\"wp-block-file--media-c7d158a9-3b9d-4a6c-995b-4b526ccd41b8\" href=\"https:\/\/www.seglergemeinschaft.at\/wp-content\/uploads\/2019\/04\/SchfG-10001-30_sig.pdf\">SchfG-10001-30_sig<\/a><a href=\"https:\/\/www.seglergemeinschaft.at\/wp-content\/uploads\/2019\/04\/SchfG-10001-30_sig.pdf\" class=\"wp-block-file__button wp-element-button\" download aria-describedby=\"wp-block-file--media-c7d158a9-3b9d-4a6c-995b-4b526ccd41b8\">Herunterladen<\/a><\/div>\n","protected":false},"excerpt":{"rendered":"<p>Mitgliederliste Wir m\u00f6chten gerne die Mitgliederliste immer am aktuellen Stand haben. Hat sich Ihre Adresse, Telefonnummer oder mail Adresse ge\u00e4ndert? Oder haben Sie einen neuen Liegeplatz? Oder vielleicht ein anderes Boot? Wenn ja, bitte um eine kurze Benachrichtigung an&nbsp;sbb@seglergemeinschaft.at. Danke Seglerstammtisch Liebe Mitglieder! Eine gem\u00fctliche Runde mit hoffentlich vielen Erz\u00e4hlungen und Erfahrung rund ums k\u00fchle&hellip; <br \/> <a class=\"button small blue\" href=\"https:\/\/www.seglergemeinschaft.at\/?page_id=32\">Weiterlesen<\/a><\/p>\n","protected":false},"author":4,"featured_media":0,"parent":0,"menu_order":0,"comment_status":"closed","ping_status":"closed","template":"","meta":{"footnotes":""},"class_list":["post-32","page","type-page","status-publish","hentry"],"_links":{"self":[{"href":"https:\/\/www.seglergemeinschaft.at\/index.php?rest_route=\/wp\/v2\/pages\/32","targetHints":{"allow":["GET"]}}],"collection":[{"href":"https:\/\/www.seglergemeinschaft.at\/index.php?rest_route=\/wp\/v2\/pages"}],"about":[{"href":"https:\/\/www.seglergemeinschaft.at\/index.php?rest_route=\/wp\/v2\/types\/page"}],"author":[{"embeddable":true,"href":"https:\/\/www.seglergemeinschaft.at\/index.php?rest_route=\/wp\/v2\/users\/4"}],"replies":[{"embeddable":true,"href":"https:\/\/www.seglergemeinschaft.at\/index.php?rest_route=%2Fwp%2Fv2%2Fcomments&post=32"}],"version-history":[{"count":17,"href":"https:\/\/www.seglergemeinschaft.at\/index.php?rest_route=\/wp\/v2\/pages\/32\/revisions"}],"predecessor-version":[{"id":1782,"href":"https:\/\/www.seglergemeinschaft.at\/index.php?rest_route=\/wp\/v2\/pages\/32\/revisions\/1782"}],"wp:attachment":[{"href":"https:\/\/www.seglergemeinschaft.at\/index.php?rest_route=%2Fwp%2Fv2%2Fmedia&parent=32"}],"curies":[{"name":"wp","href":"https:\/\/api.w.org\/{rel}","templated":true}]}}