{"id":24,"date":"2019-03-23T10:45:09","date_gmt":"2019-03-23T10:45:09","guid":{"rendered":"http:\/\/test.doblinger.cloud\/?page_id=24"},"modified":"2026-03-08T10:05:07","modified_gmt":"2026-03-08T09:05:07","slug":"veranstaltungen","status":"publish","type":"page","link":"https:\/\/www.seglergemeinschaft.at\/?page_id=24","title":{"rendered":"Veranstaltungen"},"content":{"rendered":"\n<p>&nbsp;<\/p>\n<p>&nbsp;<\/p>\n\n\n\n<h1 class=\"wp-block-heading has-text-align-center\">2026<\/h1>\n\n\n\n<p class=\"has-vivid-red-color has-text-color\"><\/p>\n\n\n\n<h4 class=\"wp-block-heading\">M\u00e4rz<\/h4>\n\n\n\n<p><span class=\"tadv-color\" style=\"color:#000000\"><strong>Samstag 07. M\u00e4rz: Jahreshauptversammlung<\/strong><\/span>: Beginn um 10 Uhr <\/p>\n\n\n\n<h4 class=\"wp-block-heading\" id=\"mai\">April<\/h4>\n\n\n\n<p class=\"has-black-color has-text-color\"><span class=\"tadv-color\" style=\"color:#000000\"><strong>Samstag 25. April: Saisoner\u00f6ffnung &#8211; Fahne hissen<\/strong><\/span>: Treffpunkt um 10 Uhr beim Fahnenmasten<\/p>\n\n\n\n<p class=\"has-text-color\" style=\"color:#777777\">Neue Mitglieder und Interessierte sind herzlich Willkommen!<\/p>\n\n\n\n<p><\/p>\n\n\n\n<p>\u2693<\/p>\n\n\n\n<h4 class=\"wp-block-heading\" id=\"mai\">Mai<\/h4>\n\n\n\n<p><mark style=\"background-color:rgba(0, 0, 0, 0)\" class=\"has-inline-color has-black-color\"><strong>Freitag <\/strong><span class=\"tadv-color\" style=\"color:#000000\"><strong>01. <\/strong><\/span><\/mark><span class=\"tadv-color\" style=\"color:#000000\"><strong>Mai:<\/strong> <\/span><span class=\"tadv-color\" style=\"color:#8ed1fc\"><strong><mark style=\"background-color:rgba(0, 0, 0, 0)\" class=\"has-inline-color has-black-color\">Stammtisch<\/mark><\/strong><\/span> um 17:00 Uhr in der Strandbar Breitenbrunn<\/p>\n\n\n\n<p class=\"has-black-color has-text-color has-link-color wp-elements-9ac00cf961d1ea846fe5a532228b76c6\"><\/p>\n\n\n\n<p>\u2693<\/p>\n\n\n\n<h4 class=\"wp-block-heading\" id=\"juni\">Juni<\/h4>\n\n\n\n<p><strong><span class=\"tadv-color\" style=\"color:#000000\">Freitag 05. Juni:<\/span> <span class=\"tadv-color\" style=\"color:#000000\">Stammtisch<\/span><\/strong> ab 17:00 Uhr in der Strandbar Breitenbrunn<\/p>\n\n\n\n<p><strong><mark style=\"background-color:rgba(0, 0, 0, 0)\" class=\"has-inline-color has-black-color\">Samstag 20. Juni: Fr\u00fchst\u00fccksausfahrt<\/mark><\/strong> Treffpunkt um 07:00 Uhr bei der Strandbar<\/p>\n\n\n\n<p><strong>Freitag 26. Juni: Vollmondausfahrt<\/strong>: Treffpunkt um 19:30 Uhr bei der Strandbar<\/p>\n\n\n\n<p>\u2693<\/p>\n\n\n\n<h4 class=\"wp-block-heading\" id=\"juli\">Juli<\/h4>\n\n\n\n<p><strong><mark style=\"background-color:rgba(0, 0, 0, 0)\" class=\"has-inline-color has-black-color\">Samstag <span class=\"tadv-color\" style=\"color:#000000\">0<\/span><\/mark><span class=\"tadv-color\" style=\"color:#000000\">4<\/span><span class=\"tadv-color\" style=\"color:#000000\">. Juli:<\/span> <span class=\"tadv-color\" style=\"color:#000000\">Stammtisch<\/span><\/strong> ab 17:00 Uhr in der Strandbar Breitenbrunn<\/p>\n\n\n\n<p class=\"has-text-align-left has-text-color\" style=\"color:#777777\"><strong><mark style=\"background-color:rgba(0, 0, 0, 0)\" class=\"has-inline-color has-black-color\">Samstag 11. bis Sonntag 12. Juli: Wanderfahrt nach Oggau<\/mark><\/strong><\/p>\n\n\n\n<p class=\"has-text-align-left has-text-color\" style=\"color:#777777\"><\/p>\n\n\n\n<p>\u2693<\/p>\n\n\n\n<h4 class=\"wp-block-heading\" id=\"august\">August<\/h4>\n\n\n\n<p><span style=\"color: #000000;\"><strong>Freitag 07. August: Stammtisch<\/strong> ab 17:00 Uhr<\/span><\/p>\n\n\n\n<p class=\"has-black-color has-text-color has-link-color wp-elements-9ac00cf961d1ea846fe5a532228b76c6\"><\/p>\n\n\n\n<p>\u2693<\/p>\n\n\n\n<h4 class=\"wp-block-heading\">September<strong> <\/strong><\/h4>\n\n\n\n<p class=\"has-black-color has-text-color has-link-color wp-elements-95671cc7bf96fa4189c9d4c196ce1d70\"><strong>Freitag 04. September: Stammtisch<\/strong> ab 17:00 Uhr<\/p>\n\n\n\n<p class=\"has-black-color has-text-color has-link-color wp-elements-ba9a8d3b6cd1c0f0a0d1240cfd107c2f\"><strong>Samstag 26. September: Fahne runter<\/strong> Treffpunkt um 10 Uhr beim Fahnenmast<\/p>\n\n\n\n<p>\u2693<\/p>\n\n\n\n<h4 class=\"wp-block-heading\"><strong>November <\/strong><\/h4>\n\n\n\n<p><span style=\"color: #000000;\"><strong>Samstag 07. November: Ganslessen<\/strong> Beginn um 17 Uhr\u00a0<\/span><\/p>\n\n\n\n<p>\u2693<\/p>\n\n\n\n<p><\/p>\n\n\n\n<p><\/p>\n\n\n\n<p><\/p>\n\n\n\n<p><\/p>\n\n\n\n<p>Wir freuen uns auf euch! <\/p>\n\n\n\n<p><\/p>\n\n\n\n<p><\/p>\n\n\n\n<p><\/p>\n\n\n\n<div style=\"height:33px\" aria-hidden=\"true\" class=\"wp-block-spacer\"><\/div>\n\n\n\n<h4 class=\"wp-block-heading\" id=\"mast-schotbruch\"><strong>~ Mast- &amp; Schotbruch ~<\/strong><\/h4>\n\n\n\n\n\n<figure class=\"wp-block-gallery has-nested-images columns-default is-cropped wp-block-gallery-1 is-layout-flex wp-block-gallery-is-layout-flex\">\n<figure class=\"wp-block-image size-large\"><a href=\"https:\/\/www.seglergemeinschaft.at\/wp-content\/uploads\/2026\/03\/493696708_10228961811375675_350400496530494946_n.jpg\"><img loading=\"lazy\" decoding=\"async\" width=\"768\" height=\"1024\" data-id=\"1885\" src=\"https:\/\/www.seglergemeinschaft.at\/wp-content\/uploads\/2026\/03\/493696708_10228961811375675_350400496530494946_n-768x1024.jpg\" alt=\"\" class=\"wp-image-1885\" srcset=\"https:\/\/www.seglergemeinschaft.at\/wp-content\/uploads\/2026\/03\/493696708_10228961811375675_350400496530494946_n-768x1024.jpg 768w, https:\/\/www.seglergemeinschaft.at\/wp-content\/uploads\/2026\/03\/493696708_10228961811375675_350400496530494946_n-225x300.jpg 225w, https:\/\/www.seglergemeinschaft.at\/wp-content\/uploads\/2026\/03\/493696708_10228961811375675_350400496530494946_n-1152x1536.jpg 1152w, https:\/\/www.seglergemeinschaft.at\/wp-content\/uploads\/2026\/03\/493696708_10228961811375675_350400496530494946_n-1024x1365.jpg 1024w, https:\/\/www.seglergemeinschaft.at\/wp-content\/uploads\/2026\/03\/493696708_10228961811375675_350400496530494946_n-810x1080.jpg 810w, https:\/\/www.seglergemeinschaft.at\/wp-content\/uploads\/2026\/03\/493696708_10228961811375675_350400496530494946_n.jpg 1200w\" sizes=\"auto, (max-width: 768px) 100vw, 768px\" \/><\/a><\/figure>\n\n\n\n<figure class=\"wp-block-image size-large\"><a href=\"https:\/\/www.seglergemeinschaft.at\/wp-content\/uploads\/2026\/03\/515581618_10222457621629423_8036985599737362602_n.jpg\"><img loading=\"lazy\" decoding=\"async\" width=\"1024\" height=\"768\" data-id=\"1886\" src=\"https:\/\/www.seglergemeinschaft.at\/wp-content\/uploads\/2026\/03\/515581618_10222457621629423_8036985599737362602_n-1024x768.jpg\" alt=\"\" class=\"wp-image-1886\" srcset=\"https:\/\/www.seglergemeinschaft.at\/wp-content\/uploads\/2026\/03\/515581618_10222457621629423_8036985599737362602_n-1024x768.jpg 1024w, https:\/\/www.seglergemeinschaft.at\/wp-content\/uploads\/2026\/03\/515581618_10222457621629423_8036985599737362602_n-300x225.jpg 300w, https:\/\/www.seglergemeinschaft.at\/wp-content\/uploads\/2026\/03\/515581618_10222457621629423_8036985599737362602_n-768x576.jpg 768w, https:\/\/www.seglergemeinschaft.at\/wp-content\/uploads\/2026\/03\/515581618_10222457621629423_8036985599737362602_n-1536x1152.jpg 1536w, https:\/\/www.seglergemeinschaft.at\/wp-content\/uploads\/2026\/03\/515581618_10222457621629423_8036985599737362602_n-1440x1080.jpg 1440w, https:\/\/www.seglergemeinschaft.at\/wp-content\/uploads\/2026\/03\/515581618_10222457621629423_8036985599737362602_n.jpg 2048w\" sizes=\"auto, (max-width: 1024px) 100vw, 1024px\" \/><\/a><\/figure>\n\n\n\n<figure class=\"wp-block-image size-large\"><a href=\"https:\/\/www.seglergemeinschaft.at\/wp-content\/uploads\/2023\/08\/359793117_10223944023454113_7981258687150999449_n.jpg\"><img loading=\"lazy\" decoding=\"async\" width=\"1024\" height=\"768\" data-id=\"1765\" src=\"https:\/\/www.seglergemeinschaft.at\/wp-content\/uploads\/2023\/08\/359793117_10223944023454113_7981258687150999449_n-1024x768.jpg\" alt=\"\" class=\"wp-image-1765\" srcset=\"https:\/\/www.seglergemeinschaft.at\/wp-content\/uploads\/2023\/08\/359793117_10223944023454113_7981258687150999449_n-1024x768.jpg 1024w, https:\/\/www.seglergemeinschaft.at\/wp-content\/uploads\/2023\/08\/359793117_10223944023454113_7981258687150999449_n-300x225.jpg 300w, https:\/\/www.seglergemeinschaft.at\/wp-content\/uploads\/2023\/08\/359793117_10223944023454113_7981258687150999449_n-768x576.jpg 768w, https:\/\/www.seglergemeinschaft.at\/wp-content\/uploads\/2023\/08\/359793117_10223944023454113_7981258687150999449_n-1536x1152.jpg 1536w, https:\/\/www.seglergemeinschaft.at\/wp-content\/uploads\/2023\/08\/359793117_10223944023454113_7981258687150999449_n-1440x1080.jpg 1440w, https:\/\/www.seglergemeinschaft.at\/wp-content\/uploads\/2023\/08\/359793117_10223944023454113_7981258687150999449_n.jpg 1824w\" sizes=\"auto, (max-width: 1024px) 100vw, 1024px\" \/><\/a><\/figure>\n\n\n\n<figure class=\"wp-block-image size-large\"><a href=\"https:\/\/www.seglergemeinschaft.at\/wp-content\/uploads\/2023\/08\/361587419_10223944022134080_2317103189213953595_n.jpg\"><img loading=\"lazy\" decoding=\"async\" width=\"1024\" height=\"768\" data-id=\"1764\" src=\"https:\/\/www.seglergemeinschaft.at\/wp-content\/uploads\/2023\/08\/361587419_10223944022134080_2317103189213953595_n-1024x768.jpg\" alt=\"\" class=\"wp-image-1764\" srcset=\"https:\/\/www.seglergemeinschaft.at\/wp-content\/uploads\/2023\/08\/361587419_10223944022134080_2317103189213953595_n-1024x768.jpg 1024w, https:\/\/www.seglergemeinschaft.at\/wp-content\/uploads\/2023\/08\/361587419_10223944022134080_2317103189213953595_n-300x225.jpg 300w, https:\/\/www.seglergemeinschaft.at\/wp-content\/uploads\/2023\/08\/361587419_10223944022134080_2317103189213953595_n-768x576.jpg 768w, https:\/\/www.seglergemeinschaft.at\/wp-content\/uploads\/2023\/08\/361587419_10223944022134080_2317103189213953595_n-1536x1152.jpg 1536w, https:\/\/www.seglergemeinschaft.at\/wp-content\/uploads\/2023\/08\/361587419_10223944022134080_2317103189213953595_n-1440x1080.jpg 1440w, https:\/\/www.seglergemeinschaft.at\/wp-content\/uploads\/2023\/08\/361587419_10223944022134080_2317103189213953595_n.jpg 1824w\" sizes=\"auto, (max-width: 1024px) 100vw, 1024px\" \/><\/a><\/figure>\n\n\n\n<figure class=\"wp-block-image size-large\"><a href=\"https:\/\/www.seglergemeinschaft.at\/wp-content\/uploads\/2023\/08\/362932441_10226364270946132_8618147698854166143_n.jpg\"><img loading=\"lazy\" decoding=\"async\" width=\"768\" height=\"1024\" data-id=\"1766\" src=\"https:\/\/www.seglergemeinschaft.at\/wp-content\/uploads\/2023\/08\/362932441_10226364270946132_8618147698854166143_n-768x1024.jpg\" alt=\"\" class=\"wp-image-1766\" srcset=\"https:\/\/www.seglergemeinschaft.at\/wp-content\/uploads\/2023\/08\/362932441_10226364270946132_8618147698854166143_n-768x1024.jpg 768w, https:\/\/www.seglergemeinschaft.at\/wp-content\/uploads\/2023\/08\/362932441_10226364270946132_8618147698854166143_n-225x300.jpg 225w, https:\/\/www.seglergemeinschaft.at\/wp-content\/uploads\/2023\/08\/362932441_10226364270946132_8618147698854166143_n-1152x1536.jpg 1152w, https:\/\/www.seglergemeinschaft.at\/wp-content\/uploads\/2023\/08\/362932441_10226364270946132_8618147698854166143_n-1024x1365.jpg 1024w, https:\/\/www.seglergemeinschaft.at\/wp-content\/uploads\/2023\/08\/362932441_10226364270946132_8618147698854166143_n-810x1080.jpg 810w, https:\/\/www.seglergemeinschaft.at\/wp-content\/uploads\/2023\/08\/362932441_10226364270946132_8618147698854166143_n.jpg 1200w\" sizes=\"auto, (max-width: 768px) 100vw, 768px\" \/><\/a><\/figure>\n\n\n\n<figure class=\"wp-block-image size-large\"><a href=\"https:\/\/www.seglergemeinschaft.at\/wp-content\/uploads\/2023\/08\/366890400_10224122543156994_2564819234006230824_n.jpg\"><img loading=\"lazy\" decoding=\"async\" width=\"1024\" height=\"577\" data-id=\"1769\" src=\"https:\/\/www.seglergemeinschaft.at\/wp-content\/uploads\/2023\/08\/366890400_10224122543156994_2564819234006230824_n-1024x577.jpg\" alt=\"\" class=\"wp-image-1769\" srcset=\"https:\/\/www.seglergemeinschaft.at\/wp-content\/uploads\/2023\/08\/366890400_10224122543156994_2564819234006230824_n-1024x577.jpg 1024w, https:\/\/www.seglergemeinschaft.at\/wp-content\/uploads\/2023\/08\/366890400_10224122543156994_2564819234006230824_n-300x169.jpg 300w, https:\/\/www.seglergemeinschaft.at\/wp-content\/uploads\/2023\/08\/366890400_10224122543156994_2564819234006230824_n-768x432.jpg 768w, https:\/\/www.seglergemeinschaft.at\/wp-content\/uploads\/2023\/08\/366890400_10224122543156994_2564819234006230824_n-1536x865.jpg 1536w, https:\/\/www.seglergemeinschaft.at\/wp-content\/uploads\/2023\/08\/366890400_10224122543156994_2564819234006230824_n-1918x1080.jpg 1918w, https:\/\/www.seglergemeinschaft.at\/wp-content\/uploads\/2023\/08\/366890400_10224122543156994_2564819234006230824_n.jpg 2048w\" sizes=\"auto, (max-width: 1024px) 100vw, 1024px\" \/><\/a><\/figure>\n\n\n\n<figure class=\"wp-block-image size-large\"><a href=\"https:\/\/www.seglergemeinschaft.at\/wp-content\/uploads\/2026\/03\/515441378_10230297487126734_1442751544485610671_n.jpg\"><img loading=\"lazy\" decoding=\"async\" width=\"1024\" height=\"768\" data-id=\"1887\" src=\"https:\/\/www.seglergemeinschaft.at\/wp-content\/uploads\/2026\/03\/515441378_10230297487126734_1442751544485610671_n-1024x768.jpg\" alt=\"\" class=\"wp-image-1887\" srcset=\"https:\/\/www.seglergemeinschaft.at\/wp-content\/uploads\/2026\/03\/515441378_10230297487126734_1442751544485610671_n-1024x768.jpg 1024w, https:\/\/www.seglergemeinschaft.at\/wp-content\/uploads\/2026\/03\/515441378_10230297487126734_1442751544485610671_n-300x225.jpg 300w, https:\/\/www.seglergemeinschaft.at\/wp-content\/uploads\/2026\/03\/515441378_10230297487126734_1442751544485610671_n-768x576.jpg 768w, https:\/\/www.seglergemeinschaft.at\/wp-content\/uploads\/2026\/03\/515441378_10230297487126734_1442751544485610671_n-1536x1152.jpg 1536w, https:\/\/www.seglergemeinschaft.at\/wp-content\/uploads\/2026\/03\/515441378_10230297487126734_1442751544485610671_n-1440x1080.jpg 1440w, https:\/\/www.seglergemeinschaft.at\/wp-content\/uploads\/2026\/03\/515441378_10230297487126734_1442751544485610671_n.jpg 2040w\" sizes=\"auto, (max-width: 1024px) 100vw, 1024px\" \/><\/a><\/figure>\n<\/figure>\n\n\n\n<figure class=\"wp-block-image size-large is-resized\"><a href=\"https:\/\/www.seglergemeinschaft.at\/wp-content\/uploads\/2026\/03\/494934653_10229298863561769_8549234025043387807_n.jpg\"><img loading=\"lazy\" decoding=\"async\" width=\"1024\" height=\"768\" src=\"https:\/\/www.seglergemeinschaft.at\/wp-content\/uploads\/2026\/03\/494934653_10229298863561769_8549234025043387807_n-1024x768.jpg\" alt=\"\" class=\"wp-image-1888\" style=\"width:529px;height:397px\" srcset=\"https:\/\/www.seglergemeinschaft.at\/wp-content\/uploads\/2026\/03\/494934653_10229298863561769_8549234025043387807_n-1024x768.jpg 1024w, https:\/\/www.seglergemeinschaft.at\/wp-content\/uploads\/2026\/03\/494934653_10229298863561769_8549234025043387807_n-300x225.jpg 300w, https:\/\/www.seglergemeinschaft.at\/wp-content\/uploads\/2026\/03\/494934653_10229298863561769_8549234025043387807_n-768x576.jpg 768w, https:\/\/www.seglergemeinschaft.at\/wp-content\/uploads\/2026\/03\/494934653_10229298863561769_8549234025043387807_n-1536x1152.jpg 1536w, https:\/\/www.seglergemeinschaft.at\/wp-content\/uploads\/2026\/03\/494934653_10229298863561769_8549234025043387807_n-1440x1080.jpg 1440w, https:\/\/www.seglergemeinschaft.at\/wp-content\/uploads\/2026\/03\/494934653_10229298863561769_8549234025043387807_n.jpg 2040w\" sizes=\"auto, (max-width: 1024px) 100vw, 1024px\" \/><\/a><\/figure>\n\n\n\n<figure class=\"wp-block-image size-large\"><a href=\"https:\/\/www.seglergemeinschaft.at\/wp-content\/uploads\/2026\/03\/519408678_10230297487326739_6562448041225476346_n.jpg\"><img loading=\"lazy\" decoding=\"async\" width=\"768\" height=\"1024\" src=\"https:\/\/www.seglergemeinschaft.at\/wp-content\/uploads\/2026\/03\/519408678_10230297487326739_6562448041225476346_n-768x1024.jpg\" alt=\"\" class=\"wp-image-1889\" srcset=\"https:\/\/www.seglergemeinschaft.at\/wp-content\/uploads\/2026\/03\/519408678_10230297487326739_6562448041225476346_n-768x1024.jpg 768w, https:\/\/www.seglergemeinschaft.at\/wp-content\/uploads\/2026\/03\/519408678_10230297487326739_6562448041225476346_n-225x300.jpg 225w, https:\/\/www.seglergemeinschaft.at\/wp-content\/uploads\/2026\/03\/519408678_10230297487326739_6562448041225476346_n-1152x1536.jpg 1152w, https:\/\/www.seglergemeinschaft.at\/wp-content\/uploads\/2026\/03\/519408678_10230297487326739_6562448041225476346_n-1024x1365.jpg 1024w, https:\/\/www.seglergemeinschaft.at\/wp-content\/uploads\/2026\/03\/519408678_10230297487326739_6562448041225476346_n-810x1080.jpg 810w, https:\/\/www.seglergemeinschaft.at\/wp-content\/uploads\/2026\/03\/519408678_10230297487326739_6562448041225476346_n.jpg 1530w\" sizes=\"auto, (max-width: 768px) 100vw, 768px\" \/><\/a><\/figure>\n\n\n\n<figure class=\"wp-block-video\"><video height=\"1920\" style=\"aspect-ratio: 1080 \/ 1920;\" width=\"1080\" controls src=\"https:\/\/www.seglergemeinschaft.at\/wp-content\/uploads\/2024\/04\/video_20240429_095616_edit.mp4\"><\/video><\/figure>\n","protected":false},"excerpt":{"rendered":"<p>&nbsp; &nbsp; 2026 M\u00e4rz Samstag 07. M\u00e4rz: Jahreshauptversammlung: Beginn um 10 Uhr April Samstag 25. April: Saisoner\u00f6ffnung &#8211; Fahne hissen: Treffpunkt um 10 Uhr beim Fahnenmasten Neue Mitglieder und Interessierte sind herzlich Willkommen! \u2693 Mai Freitag 01. Mai: Stammtisch um 17:00 Uhr in der Strandbar Breitenbrunn \u2693 Juni Freitag 05. Juni: Stammtisch ab 17:00 Uhr&hellip; <br \/> <a class=\"button small blue\" href=\"https:\/\/www.seglergemeinschaft.at\/?page_id=24\">Weiterlesen<\/a><\/p>\n","protected":false},"author":4,"featured_media":212,"parent":0,"menu_order":0,"comment_status":"closed","ping_status":"closed","template":"","meta":{"footnotes":""},"class_list":["post-24","page","type-page","status-publish","has-post-thumbnail","hentry"],"_links":{"self":[{"href":"https:\/\/www.seglergemeinschaft.at\/index.php?rest_route=\/wp\/v2\/pages\/24","targetHints":{"allow":["GET"]}}],"collection":[{"href":"https:\/\/www.seglergemeinschaft.at\/index.php?rest_route=\/wp\/v2\/pages"}],"about":[{"href":"https:\/\/www.seglergemeinschaft.at\/index.php?rest_route=\/wp\/v2\/types\/page"}],"author":[{"embeddable":true,"href":"https:\/\/www.seglergemeinschaft.at\/index.php?rest_route=\/wp\/v2\/users\/4"}],"replies":[{"embeddable":true,"href":"https:\/\/www.seglergemeinschaft.at\/index.php?rest_route=%2Fwp%2Fv2%2Fcomments&post=24"}],"version-history":[{"count":97,"href":"https:\/\/www.seglergemeinschaft.at\/index.php?rest_route=\/wp\/v2\/pages\/24\/revisions"}],"predecessor-version":[{"id":1890,"href":"https:\/\/www.seglergemeinschaft.at\/index.php?rest_route=\/wp\/v2\/pages\/24\/revisions\/1890"}],"wp:featuredmedia":[{"embeddable":true,"href":"https:\/\/www.seglergemeinschaft.at\/index.php?rest_route=\/wp\/v2\/media\/212"}],"wp:attachment":[{"href":"https:\/\/www.seglergemeinschaft.at\/index.php?rest_route=%2Fwp%2Fv2%2Fmedia&parent=24"}],"curies":[{"name":"wp","href":"https:\/\/api.w.org\/{rel}","templated":true}]}}