{"id":1404,"date":"2019-03-23T11:40:29","date_gmt":"2019-03-23T11:40:29","guid":{"rendered":"http:\/\/test.doblinger.cloud\/?page_id=84"},"modified":"2025-01-16T21:31:54","modified_gmt":"2025-01-16T20:31:54","slug":"sbb-mitglied-werden","status":"publish","type":"page","link":"https:\/\/www.seglergemeinschaft.at\/?page_id=1404","title":{"rendered":"SBb Mitglied werden"},"content":{"rendered":"\n<p class=\"has-text-align-left\">Wenn wir Ihr Interesse geweckt haben w\u00fcrden wir uns freuen wenn Sie der Seglergemeinschaft Breitenbrunn beitreten.<\/p>\n\n\n\n<p>Sie vertritt die Interessen der Bootsplatzmieter gegen\u00fcber dem Hafenbetreiber und sorgt f\u00fcr die Rahmenbedingungen, um sich am See wohl zu f\u00fchlen.<\/p>\n\n\n\n<p>Gesellschaftliche und sportliche Aktivit\u00e4ten runden das Programm ab. Mit einem j\u00e4hrlichen Mitgliedsbeitrag von&nbsp;<\/p>\n\n\n\n<p>\u20ac 40,00 (f\u00fcr Bootsbesitzer) oder<\/p>\n\n\n\n<p>\u20ac 25,00 (ohne Boot) sind Sie dabei!<\/p>\n\n\n\n<p>Oder haben Sie eine Frage? Hier k\u00f6nnen Sie uns direkt eine Nachricht senden.<\/p>\n\n\n\n<p>INFO:&nbsp;Falls Sie einen Liegeplatz im Seebad Breitenbrunn beantragt haben oder beantragen werden finden Sie unter&nbsp;<a aria-label=\" (\u00f6ffnet in neuem Tab)\" href=\"https:\/\/www.seglergemeinschaft.at?page_id=32\" target=\"_blank\" rel=\"noreferrer noopener\">AKTUELLES<\/a>&nbsp;neueste Information. Die Vergabe der Liegepl\u00e4tze&nbsp;wird nicht durch uns durchgef\u00fchrt.&nbsp;&nbsp;Bitte kontaktieren Sie in solchen Fragen die&nbsp;<a aria-label=\" (\u00f6ffnet in neuem Tab)\" href=\"https:\/\/www.seebad-breitenbrunn.com\/kopie-von-impressum\" target=\"_blank\" rel=\"noreferrer noopener\">Seeverwaltung<\/a>.<\/p>\n\n\n\n<p>Hier k\u00f6nnen Sie die Beitrittserkl\u00e4rung downloaden, ausf\u00fcllen und an uns senden:<\/p>\n\n\n\n<div data-wp-interactive=\"core\/file\" class=\"wp-block-file\"><object data-wp-bind--hidden=\"!state.hasPdfPreview\" hidden class=\"wp-block-file__embed\" data=\"https:\/\/www.seglergemeinschaft.at\/wp-content\/uploads\/2025\/01\/Beitrittserklaerung-2025.pdf\" type=\"application\/pdf\" style=\"width:100%;height:600px\" aria-label=\"Einbettung von Beitrittserklaerung 2025.\"><\/object><a id=\"wp-block-file--media-38d68adc-bdaa-45e1-a2ad-1578cfa782aa\" href=\"https:\/\/www.seglergemeinschaft.at\/wp-content\/uploads\/2025\/01\/Beitrittserklaerung-2025.pdf\" target=\"_blank\" rel=\"noreferrer noopener\">Beitrittserklaerung 2025<\/a><a href=\"https:\/\/www.seglergemeinschaft.at\/wp-content\/uploads\/2025\/01\/Beitrittserklaerung-2025.pdf\" class=\"wp-block-file__button wp-element-button\" download aria-describedby=\"wp-block-file--media-38d68adc-bdaa-45e1-a2ad-1578cfa782aa\">Herunterladen<\/a><\/div>\n\n\n\n<p><\/p>\n\n\n\n<div class=\"wp-block-columns is-layout-flex wp-container-core-columns-is-layout-9d6595d7 wp-block-columns-is-layout-flex\">\n<div class=\"wp-block-column is-layout-flow wp-block-column-is-layout-flow\" style=\"flex-basis:350px\">\n<p><\/p>\n\n\n\n<p class=\"has-normal-font-size\">E-Mail-Adresse : sbb@seglergemeinschaft.at<\/p>\n<\/div>\n\n\n\n<div class=\"wp-block-column is-layout-flow wp-block-column-is-layout-flow\">\n<div class=\"wp-block-buttons is-layout-flex wp-block-buttons-is-layout-flex\">\n<div class=\"wp-block-button has-custom-font-size has-small-font-size\"><a class=\"wp-block-button__link wp-element-button\" href=\"mailto:sbb@seglergemeinschaft.at\">Nachricht senden <\/a><\/div>\n<\/div>\n<\/div>\n<\/div>\n\n\n\n<div class=\"wp-block-columns is-layout-flex wp-container-core-columns-is-layout-9d6595d7 wp-block-columns-is-layout-flex\">\n<div class=\"wp-block-column is-layout-flow wp-block-column-is-layout-flow\" style=\"flex-basis:100%\">\n<div class=\"wp-block-group\"><div class=\"wp-block-group__inner-container is-layout-flow wp-block-group-is-layout-flow\">\n<div class=\"wp-block-buttons is-layout-flex wp-block-buttons-is-layout-flex\"><\/div>\n<\/div><\/div>\n<\/div>\n<\/div>\n\n\n","protected":false},"excerpt":{"rendered":"<p>Wenn wir Ihr Interesse geweckt haben w\u00fcrden wir uns freuen wenn Sie der Seglergemeinschaft Breitenbrunn beitreten. Sie vertritt die Interessen der Bootsplatzmieter gegen\u00fcber dem Hafenbetreiber und sorgt f\u00fcr die Rahmenbedingungen, um sich am See wohl zu f\u00fchlen. Gesellschaftliche und sportliche Aktivit\u00e4ten runden das Programm ab. Mit einem j\u00e4hrlichen Mitgliedsbeitrag von&nbsp; \u20ac 40,00 (f\u00fcr Bootsbesitzer) oder&hellip; <br \/> <a class=\"button small blue\" href=\"https:\/\/www.seglergemeinschaft.at\/?page_id=1404\">Weiterlesen<\/a><\/p>\n","protected":false},"author":4,"featured_media":0,"parent":0,"menu_order":0,"comment_status":"closed","ping_status":"closed","template":"","meta":{"footnotes":""},"class_list":["post-1404","page","type-page","status-publish","hentry"],"_links":{"self":[{"href":"https:\/\/www.seglergemeinschaft.at\/index.php?rest_route=\/wp\/v2\/pages\/1404","targetHints":{"allow":["GET"]}}],"collection":[{"href":"https:\/\/www.seglergemeinschaft.at\/index.php?rest_route=\/wp\/v2\/pages"}],"about":[{"href":"https:\/\/www.seglergemeinschaft.at\/index.php?rest_route=\/wp\/v2\/types\/page"}],"author":[{"embeddable":true,"href":"https:\/\/www.seglergemeinschaft.at\/index.php?rest_route=\/wp\/v2\/users\/4"}],"replies":[{"embeddable":true,"href":"https:\/\/www.seglergemeinschaft.at\/index.php?rest_route=%2Fwp%2Fv2%2Fcomments&post=1404"}],"version-history":[{"count":23,"href":"https:\/\/www.seglergemeinschaft.at\/index.php?rest_route=\/wp\/v2\/pages\/1404\/revisions"}],"predecessor-version":[{"id":1836,"href":"https:\/\/www.seglergemeinschaft.at\/index.php?rest_route=\/wp\/v2\/pages\/1404\/revisions\/1836"}],"wp:attachment":[{"href":"https:\/\/www.seglergemeinschaft.at\/index.php?rest_route=%2Fwp%2Fv2%2Fmedia&parent=1404"}],"curies":[{"name":"wp","href":"https:\/\/api.w.org\/{rel}","templated":true}]}}