{"id":138,"date":"2019-03-23T12:24:25","date_gmt":"2019-03-23T12:24:25","guid":{"rendered":"http:\/\/test.doblinger.cloud\/?page_id=138"},"modified":"2022-09-19T10:30:30","modified_gmt":"2022-09-19T09:30:30","slug":"links","status":"publish","type":"page","link":"https:\/\/www.seglergemeinschaft.at\/?page_id=138","title":{"rendered":"Links"},"content":{"rendered":"\n<h3 class=\"wp-block-heading\">Links rund ums Segeln:<\/h3>\n\n\n\n<figure class=\"wp-block-table is-style-regular\"><table class=\"has-fixed-layout\"><tbody><tr><td><a href=\"http:\/\/www.allesyacht.at\/\" target=\"_blank\" rel=\"noreferrer noopener\"><\/a><\/td><td><a href=\"http:\/\/www.allesyacht.at\/\" target=\"_blank\" rel=\"noreferrer noopener\">Alles Yacht<\/a><\/td><td><a href=\"http:\/\/www.booteroschek.at\/\" target=\"_blank\" rel=\"noreferrer noopener\"><\/a><\/td><td><a href=\"http:\/\/www.booteroschek.at\/\" target=\"_blank\" rel=\"noreferrer noopener\">Boote Roschek<\/a><\/td><\/tr><tr><td><a href=\"http:\/\/www.ok-yachts.at\/\" target=\"_blank\" rel=\"noreferrer noopener\"><\/a><\/td><td><a href=\"http:\/\/www.ok-yachts.at\/\" target=\"_blank\" rel=\"noreferrer noopener\">OK Yachts<\/a><\/td><td><a href=\"http:\/\/www.segeln.co.at\/\" target=\"_blank\" rel=\"noreferrer noopener\"><\/a><\/td><td><\/td><\/tr><tr><td><a href=\"https:\/\/www.seglergemeinschaft.at\/wp-content\/uploads\/2018\/11\/yachtelektrik_jaeger-1.png\" target=\"_blank\" rel=\"noreferrer noopener\"><\/a><\/td><td><a href=\"http:\/\/www.yachtelektrik.at\/\" target=\"_blank\" rel=\"noreferrer noopener\">J\u00e4ger Yacht- und Autoelektik<\/a><\/td><td><a href=\"http:\/\/www.ycog.at\/index.html\" target=\"_blank\" rel=\"noreferrer noopener\"><\/a><\/td><td><a href=\"http:\/\/www.ycog.at\/index.html\" target=\"_blank\" rel=\"noreferrer noopener\">Yachtclub Oggau<\/a><\/td><\/tr><tr><td><a href=\"http:\/\/www.onesails.at\/\" target=\"_blank\" rel=\"noreferrer noopener\"><\/a><\/td><td><a href=\"http:\/\/www.onesails.at\/\" target=\"_blank\" rel=\"noreferrer noopener\">One Sails<\/a><\/td><td><a href=\"http:\/\/www.multihull-sailing.net\/\" target=\"_blank\" rel=\"noreferrer noopener\"><\/a><\/td><td><a href=\"http:\/\/www.multihull-sailing.net\/\" target=\"_blank\" rel=\"noreferrer noopener\">multihull-sailing<\/a><\/td><\/tr><tr><td><a href=\"https:\/\/www.seglergemeinschaft.at\/wp-content\/uploads\/2011\/01\/alles-Fahne.jpg\" target=\"_blank\" rel=\"noreferrer noopener\"><\/a><\/td><td>&nbsp;<a href=\"http:\/\/www.allesfahnen.at\/index.htm\" target=\"_blank\" rel=\"noreferrer noopener\">Alles Fahne<\/a><\/td><td><\/td><td><a href=\"https:\/\/www.dk-workwear.at\/\" target=\"_blank\" rel=\"noreferrer noopener\">textilveredelung.at<\/a><a href=\"https:\/\/www.dk-workwear.at\/\" target=\"_blank\" rel=\"noreferrer noopener\">dk-workwear<\/a><\/td><\/tr><\/tbody><\/table><\/figure>\n\n\n\n<div style=\"height:122px\" aria-hidden=\"true\" class=\"wp-block-spacer\"><\/div>\n\n\n\n<h2 class=\"wp-block-heading\">\u00d6sterreichische Wasserrettung Landesverband Burgenland:<\/h2>\n\n\n\n<p>Link:&nbsp;<a href=\"http:\/\/b.owr.at\/\" target=\"_blank\" rel=\"noreferrer noopener\">b.owr.at<\/a><\/p>\n\n\n\n<p>F\u00fcr alle Mitglieder des Seglergemeinschaft wird im Jahr 2017 ein Angebotspackage zum Thema \u201eSicherheit und Erste-Hilfe am eigenen Boot\u201c pr\u00e4sentiert. Hier sollen Erstf\u00e4lle an Board ge\u00fcbt und beispielsweise die richtigen Stelle f\u00fcr eine Reanimation gesucht werden.<\/p>\n\n\n\n<p>Weitere Details und die ersten Terminvorschl\u00e4ge werden im Fr\u00fchjahr 2017 ver\u00f6ffentlicht.<\/p>\n\n\n\n<h2 class=\"wp-block-heading\">Diverse Links unserer Mitglieder:<\/h2>\n\n\n\n<p><a rel=\"noreferrer noopener\" href=\"http:\/\/www.drechsler-raumausstatter.at\/\" target=\"_blank\">Leopold Drechsler<\/a>: Raumausstatter<\/p>\n\n\n\n<div class=\"wp-block-file\"><a href=\"http:\/\/test.doblinger.cloud\/wp-content\/uploads\/2019\/03\/Kochgruppe-lebenshilfe-wien-Angebot.pdf\">Kochgruppe Lebenshilfe Wien &#8211; Angebot<\/a><a href=\"https:\/\/www.seglergemeinschaft.at\/wp-content\/uploads\/2019\/04\/Kochgruppe-lebenshilfe-wien-Angebot.pdf\" class=\"wp-block-file__button\" download>Herunterladen<\/a><\/div>\n\n\n\n<p>Kontaktdaten:<\/p>\n\n\n\n<p>Johannes Rug | Tel.: (01) 3345149 DW 15 | Mail: werkstatt0@lebenshilfe.wien | Werkstatt 20 Dresdnerstra\u00dfe 49; 1200 Wien<\/p>\n\n\n\n<figure class=\"wp-block-image is-resized\"><img loading=\"lazy\" decoding=\"async\" src=\"http:\/\/test.doblinger.cloud\/wp-content\/uploads\/2019\/03\/lebenshilfe-wien-dresdnerstrasse49-kochgruppe-fotobyrit-26_Ritchy-960x300.jpg\" alt=\"\" class=\"wp-image-142\" width=\"331\" height=\"103\" srcset=\"https:\/\/www.seglergemeinschaft.at\/wp-content\/uploads\/2019\/03\/lebenshilfe-wien-dresdnerstrasse49-kochgruppe-fotobyrit-26_Ritchy-960x300.jpg 960w, https:\/\/www.seglergemeinschaft.at\/wp-content\/uploads\/2019\/03\/lebenshilfe-wien-dresdnerstrasse49-kochgruppe-fotobyrit-26_Ritchy-960x300-300x94.jpg 300w, https:\/\/www.seglergemeinschaft.at\/wp-content\/uploads\/2019\/03\/lebenshilfe-wien-dresdnerstrasse49-kochgruppe-fotobyrit-26_Ritchy-960x300-768x240.jpg 768w\" sizes=\"auto, (max-width: 331px) 100vw, 331px\" \/><\/figure>\n","protected":false},"excerpt":{"rendered":"<p>Links rund ums Segeln: Alles Yacht Boote Roschek OK Yachts J\u00e4ger Yacht- und Autoelektik Yachtclub Oggau One Sails multihull-sailing &nbsp;Alles Fahne textilveredelung.atdk-workwear \u00d6sterreichische Wasserrettung Landesverband Burgenland: Link:&nbsp;b.owr.at F\u00fcr alle Mitglieder des Seglergemeinschaft wird im Jahr 2017 ein Angebotspackage zum Thema \u201eSicherheit und Erste-Hilfe am eigenen Boot\u201c pr\u00e4sentiert. Hier sollen Erstf\u00e4lle an Board ge\u00fcbt und beispielsweise&hellip; <br \/> <a class=\"button small blue\" href=\"https:\/\/www.seglergemeinschaft.at\/?page_id=138\">Weiterlesen<\/a><\/p>\n","protected":false},"author":4,"featured_media":0,"parent":0,"menu_order":0,"comment_status":"closed","ping_status":"closed","template":"","meta":{"footnotes":""},"class_list":["post-138","page","type-page","status-publish","hentry"],"_links":{"self":[{"href":"https:\/\/www.seglergemeinschaft.at\/index.php?rest_route=\/wp\/v2\/pages\/138","targetHints":{"allow":["GET"]}}],"collection":[{"href":"https:\/\/www.seglergemeinschaft.at\/index.php?rest_route=\/wp\/v2\/pages"}],"about":[{"href":"https:\/\/www.seglergemeinschaft.at\/index.php?rest_route=\/wp\/v2\/types\/page"}],"author":[{"embeddable":true,"href":"https:\/\/www.seglergemeinschaft.at\/index.php?rest_route=\/wp\/v2\/users\/4"}],"replies":[{"embeddable":true,"href":"https:\/\/www.seglergemeinschaft.at\/index.php?rest_route=%2Fwp%2Fv2%2Fcomments&post=138"}],"version-history":[{"count":3,"href":"https:\/\/www.seglergemeinschaft.at\/index.php?rest_route=\/wp\/v2\/pages\/138\/revisions"}],"predecessor-version":[{"id":1712,"href":"https:\/\/www.seglergemeinschaft.at\/index.php?rest_route=\/wp\/v2\/pages\/138\/revisions\/1712"}],"wp:attachment":[{"href":"https:\/\/www.seglergemeinschaft.at\/index.php?rest_route=%2Fwp%2Fv2%2Fmedia&parent=138"}],"curies":[{"name":"wp","href":"https:\/\/api.w.org\/{rel}","templated":true}]}}